{"id":19216,"date":"2022-07-11T15:59:19","date_gmt":"2022-07-11T13:59:19","guid":{"rendered":"https:\/\/champagne-salmon.fr\/cart\/"},"modified":"2022-07-11T15:59:19","modified_gmt":"2022-07-11T13:59:19","slug":"cart","status":"publish","type":"page","link":"https:\/\/champagne-salmon.fr\/en\/cart\/","title":{"rendered":"Cart"},"content":{"rendered":"\t\t<div data-elementor-type=\"wp-page\" data-elementor-id=\"19216\" class=\"elementor elementor-19216 elementor-18973\" data-elementor-post-type=\"page\">\n\t\t\t\t\t\t<section class=\"elementor-section elementor-top-section elementor-element elementor-element-71d259ee elementor-section-boxed elementor-section-height-default elementor-section-height-default\" data-id=\"71d259ee\" data-element_type=\"section\" data-e-type=\"section\">\n\t\t\t\t\t\t<div class=\"elementor-container elementor-column-gap-default\">\n\t\t\t\t\t<div class=\"elementor-column elementor-col-100 elementor-top-column elementor-element elementor-element-51b07321\" data-id=\"51b07321\" data-element_type=\"column\" data-e-type=\"column\">\n\t\t\t<div class=\"elementor-widget-wrap elementor-element-populated\">\n\t\t\t\t\t\t<div class=\"elementor-element elementor-element-5259da4 elementor-widget elementor-widget-woocommerce-notices\" data-id=\"5259da4\" data-element_type=\"widget\" data-e-type=\"widget\" data-widget_type=\"woocommerce-notices.default\">\n\t\t\t\t<div class=\"elementor-widget-container\">\n\t\t\t\t\t\t\t<style>\n\t\t\t.woocommerce-notices-wrapper,\n\t\t\t.woocommerce-message,\n\t\t\t.woocommerce-error,\n\t\t\t.woocommerce-info {\n\t\t\t\tdisplay: none;\n\t\t\t}\n\t\t<\/style>\n\t\t\t\t\t<div class=\"e-woocommerce-notices-wrapper e-woocommerce-notices-wrapper-loading\">\n\t\t\t\t<div class=\"woocommerce-notices-wrapper\"><\/div>\t\t\t<\/div>\n\t\t\t\t\t\t\t<\/div>\n\t\t\t\t<\/div>\n\t\t\t\t\t<\/div>\n\t\t<\/div>\n\t\t\t\t\t<\/div>\n\t\t<\/section>\n\t\t\t\t<\/div>\n\t\t","protected":false},"excerpt":{"rendered":"<p>&nbsp; &nbsp; Produit Prix Quantit\u00e9 Sous-total &times; Special Club Ros\u00e9 2015 zero dosage &#8211; Bouteille 72.00&euro; quantit\u00e9 de Special Club Ros\u00e9 2015 zero dosage &#8211; Bouteille 144.00&euro; &times; CUVEE SELECTION &#8211; DEMI-SEC &#8211; Demi-bouteille 14.50&euro; quantit\u00e9 de CUVEE SELECTION &#8211; DEMI-SEC &#8211; Demi-bouteille 203.00&euro; &times; 100% Meunier Brut &#8211; Magnum 79.00&euro; quantit\u00e9 de 100% Meunier [&hellip;]<\/p>\n","protected":false},"author":3,"featured_media":0,"parent":0,"menu_order":0,"comment_status":"closed","ping_status":"closed","template":"elementor_header_footer","meta":{"_acf_changed":false,"_monsterinsights_skip_tracking":false,"_monsterinsights_sitenote_active":false,"_monsterinsights_sitenote_note":"","_monsterinsights_sitenote_category":0,"footnotes":""},"class_list":["post-19216","page","type-page","status-publish","hentry"],"acf":[],"aioseo_notices":[],"_links":{"self":[{"href":"https:\/\/champagne-salmon.fr\/en\/wp-json\/wp\/v2\/pages\/19216","targetHints":{"allow":["GET"]}}],"collection":[{"href":"https:\/\/champagne-salmon.fr\/en\/wp-json\/wp\/v2\/pages"}],"about":[{"href":"https:\/\/champagne-salmon.fr\/en\/wp-json\/wp\/v2\/types\/page"}],"author":[{"embeddable":true,"href":"https:\/\/champagne-salmon.fr\/en\/wp-json\/wp\/v2\/users\/3"}],"replies":[{"embeddable":true,"href":"https:\/\/champagne-salmon.fr\/en\/wp-json\/wp\/v2\/comments?post=19216"}],"version-history":[{"count":0,"href":"https:\/\/champagne-salmon.fr\/en\/wp-json\/wp\/v2\/pages\/19216\/revisions"}],"wp:attachment":[{"href":"https:\/\/champagne-salmon.fr\/en\/wp-json\/wp\/v2\/media?parent=19216"}],"curies":[{"name":"wp","href":"https:\/\/api.w.org\/{rel}","templated":true}]}}