{"id":18978,"date":"2022-06-01T13:35:35","date_gmt":"2022-06-01T11:35:35","guid":{"rendered":"https:\/\/champagne-salmon.fr\/?post_type=product&#038;p=18978"},"modified":"2022-11-01T09:19:43","modified_gmt":"2022-11-01T08:19:43","slug":"cuvee-selection-brut","status":"publish","type":"product","link":"https:\/\/champagne-salmon.fr\/en\/produit\/cuvee-selection-brut\/","title":{"rendered":"CUVEE SELECTION BRUT"},"content":{"rendered":"","protected":false},"excerpt":{"rendered":"<p>La cuv\u00e9e S\u00e9lection allie fra\u00eecheur et fruit\u00e9 gourmand pour une d\u00e9gustation festive. Nous sugg\u00e9rons une temp\u00e9rature de d\u00e9gustation entre 9 et 14\u00b0C.<\/p>\n<p>Terroir: Chaumuzy \/ Chambrecy \/ Villes-en-Tardenois \/ Sarcy.<\/p>\n<p>Assemblage:<br \/>\n50% Meunier<br \/>\n25% Chardonnay<br \/>\n25% Pinot Noir<\/p>\n<p>Dosage: 9g\/L<\/p>\n","protected":false},"featured_media":19120,"template":"","meta":{"_acf_changed":false,"_monsterinsights_skip_tracking":false,"_monsterinsights_sitenote_active":false,"_monsterinsights_sitenote_note":"","_monsterinsights_sitenote_category":0},"product_brand":[],"product_cat":[23],"product_tag":[],"class_list":{"0":"post-18978","1":"product","2":"type-product","3":"status-publish","4":"has-post-thumbnail","6":"product_cat-cuvees","8":"first","9":"instock","10":"shipping-taxable","11":"purchasable","12":"product-type-variable","13":"has-default-attributes"},"acf":[],"aioseo_notices":[],"_links":{"self":[{"href":"https:\/\/champagne-salmon.fr\/en\/wp-json\/wp\/v2\/product\/18978","targetHints":{"allow":["GET"]}}],"collection":[{"href":"https:\/\/champagne-salmon.fr\/en\/wp-json\/wp\/v2\/product"}],"about":[{"href":"https:\/\/champagne-salmon.fr\/en\/wp-json\/wp\/v2\/types\/product"}],"version-history":[{"count":4,"href":"https:\/\/champagne-salmon.fr\/en\/wp-json\/wp\/v2\/product\/18978\/revisions"}],"predecessor-version":[{"id":19151,"href":"https:\/\/champagne-salmon.fr\/en\/wp-json\/wp\/v2\/product\/18978\/revisions\/19151"}],"wp:featuredmedia":[{"embeddable":true,"href":"https:\/\/champagne-salmon.fr\/en\/wp-json\/wp\/v2\/media\/19120"}],"wp:attachment":[{"href":"https:\/\/champagne-salmon.fr\/en\/wp-json\/wp\/v2\/media?parent=18978"}],"wp:term":[{"taxonomy":"product_brand","embeddable":true,"href":"https:\/\/champagne-salmon.fr\/en\/wp-json\/wp\/v2\/product_brand?post=18978"},{"taxonomy":"product_cat","embeddable":true,"href":"https:\/\/champagne-salmon.fr\/en\/wp-json\/wp\/v2\/product_cat?post=18978"},{"taxonomy":"product_tag","embeddable":true,"href":"https:\/\/champagne-salmon.fr\/en\/wp-json\/wp\/v2\/product_tag?post=18978"}],"curies":[{"name":"wp","href":"https:\/\/api.w.org\/{rel}","templated":true}]}}