{"id":18984,"date":"2022-06-01T14:33:43","date_gmt":"2022-06-01T12:33:43","guid":{"rendered":"https:\/\/champagne-salmon.fr\/?post_type=product&#038;p=18984"},"modified":"2025-05-19T13:29:24","modified_gmt":"2025-05-19T11:29:24","slug":"cuvee-rose","status":"publish","type":"product","link":"https:\/\/champagne-salmon.fr\/en\/produit\/cuvee-rose\/","title":{"rendered":"CUVEE ROSE"},"content":{"rendered":"","protected":false},"excerpt":{"rendered":"<p>La cuv\u00e9e Ros\u00e9 est un Champagne dot\u00e9 d\u2019un charme sensuel g\u00e9n\u00e9reux et imm\u00e9diat. Nous sugg\u00e9rons une temp\u00e9rature de d\u00e9gustation entre 8 et 12\u00b0C<\/p>\n<p>Terroir: Chaumuzy \/ Chambrecy \/ Villes-en-Tardenois \/ Sarcy<\/p>\n<p>Assemblage:<br \/>\n85% de cuv\u00e9e S\u00e9lection<br \/>\n15% de vin rouge de Meunier<\/p>\n<p>Dosage: 9g\/L<\/p>\n","protected":false},"featured_media":19122,"template":"","meta":{"_acf_changed":false,"_monsterinsights_skip_tracking":false,"_monsterinsights_sitenote_active":false,"_monsterinsights_sitenote_note":"","_monsterinsights_sitenote_category":0},"product_brand":[],"product_cat":[23],"product_tag":[],"class_list":{"0":"post-18984","1":"product","2":"type-product","3":"status-publish","4":"has-post-thumbnail","6":"product_cat-cuvees","8":"first","9":"instock","10":"shipping-taxable","11":"purchasable","12":"product-type-variable"},"acf":[],"aioseo_notices":[],"_links":{"self":[{"href":"https:\/\/champagne-salmon.fr\/en\/wp-json\/wp\/v2\/product\/18984","targetHints":{"allow":["GET"]}}],"collection":[{"href":"https:\/\/champagne-salmon.fr\/en\/wp-json\/wp\/v2\/product"}],"about":[{"href":"https:\/\/champagne-salmon.fr\/en\/wp-json\/wp\/v2\/types\/product"}],"version-history":[{"count":3,"href":"https:\/\/champagne-salmon.fr\/en\/wp-json\/wp\/v2\/product\/18984\/revisions"}],"predecessor-version":[{"id":21849,"href":"https:\/\/champagne-salmon.fr\/en\/wp-json\/wp\/v2\/product\/18984\/revisions\/21849"}],"wp:featuredmedia":[{"embeddable":true,"href":"https:\/\/champagne-salmon.fr\/en\/wp-json\/wp\/v2\/media\/19122"}],"wp:attachment":[{"href":"https:\/\/champagne-salmon.fr\/en\/wp-json\/wp\/v2\/media?parent=18984"}],"wp:term":[{"taxonomy":"product_brand","embeddable":true,"href":"https:\/\/champagne-salmon.fr\/en\/wp-json\/wp\/v2\/product_brand?post=18984"},{"taxonomy":"product_cat","embeddable":true,"href":"https:\/\/champagne-salmon.fr\/en\/wp-json\/wp\/v2\/product_cat?post=18984"},{"taxonomy":"product_tag","embeddable":true,"href":"https:\/\/champagne-salmon.fr\/en\/wp-json\/wp\/v2\/product_tag?post=18984"}],"curies":[{"name":"wp","href":"https:\/\/api.w.org\/{rel}","templated":true}]}}