{"id":18999,"date":"2022-06-01T14:47:44","date_gmt":"2022-06-01T12:47:44","guid":{"rendered":"https:\/\/champagne-salmon.fr\/?post_type=product&#038;p=18999"},"modified":"2023-02-27T10:00:44","modified_gmt":"2023-02-27T09:00:44","slug":"100-meunier-brut","status":"publish","type":"product","link":"https:\/\/champagne-salmon.fr\/en\/produit\/100-meunier-brut\/","title":{"rendered":"100% MEUNIER BRUT"},"content":{"rendered":"","protected":false},"excerpt":{"rendered":"<p>La cuv\u00e9e 100% Meunier est un Champagne qui vous gratifie d\u2019une offrande fruit\u00e9e rac\u00e9e qui aspire \u00e0 l\u2019\u00e9vasion de mani\u00e8re accessible et gourmande. Nous sugg\u00e9rons une temp\u00e9rature de d\u00e9gustation entre 9 et 14\u00b0C<\/p>\n<p>Terroir: Chaumuzy<\/p>\n<p>Assemblage:<br \/>\n100% Meunier<\/p>\n<p>Dosage: 7g\/L<\/p>\n","protected":false},"featured_media":19128,"template":"","meta":{"_acf_changed":false,"_monsterinsights_skip_tracking":false,"_monsterinsights_sitenote_active":false,"_monsterinsights_sitenote_note":"","_monsterinsights_sitenote_category":0},"product_brand":[],"product_cat":[23],"product_tag":[],"class_list":{"0":"post-18999","1":"product","2":"type-product","3":"status-publish","4":"has-post-thumbnail","6":"product_cat-cuvees","8":"first","9":"instock","10":"shipping-taxable","11":"purchasable","12":"product-type-variable","13":"has-default-attributes"},"acf":[],"aioseo_notices":[],"_links":{"self":[{"href":"https:\/\/champagne-salmon.fr\/en\/wp-json\/wp\/v2\/product\/18999","targetHints":{"allow":["GET"]}}],"collection":[{"href":"https:\/\/champagne-salmon.fr\/en\/wp-json\/wp\/v2\/product"}],"about":[{"href":"https:\/\/champagne-salmon.fr\/en\/wp-json\/wp\/v2\/types\/product"}],"version-history":[{"count":5,"href":"https:\/\/champagne-salmon.fr\/en\/wp-json\/wp\/v2\/product\/18999\/revisions"}],"predecessor-version":[{"id":19056,"href":"https:\/\/champagne-salmon.fr\/en\/wp-json\/wp\/v2\/product\/18999\/revisions\/19056"}],"wp:featuredmedia":[{"embeddable":true,"href":"https:\/\/champagne-salmon.fr\/en\/wp-json\/wp\/v2\/media\/19128"}],"wp:attachment":[{"href":"https:\/\/champagne-salmon.fr\/en\/wp-json\/wp\/v2\/media?parent=18999"}],"wp:term":[{"taxonomy":"product_brand","embeddable":true,"href":"https:\/\/champagne-salmon.fr\/en\/wp-json\/wp\/v2\/product_brand?post=18999"},{"taxonomy":"product_cat","embeddable":true,"href":"https:\/\/champagne-salmon.fr\/en\/wp-json\/wp\/v2\/product_cat?post=18999"},{"taxonomy":"product_tag","embeddable":true,"href":"https:\/\/champagne-salmon.fr\/en\/wp-json\/wp\/v2\/product_tag?post=18999"}],"curies":[{"name":"wp","href":"https:\/\/api.w.org\/{rel}","templated":true}]}}