{"id":19004,"date":"2022-06-01T15:37:57","date_gmt":"2022-06-01T13:37:57","guid":{"rendered":"https:\/\/champagne-salmon.fr\/?post_type=product&#038;p=19004"},"modified":"2023-02-10T13:44:12","modified_gmt":"2023-02-10T12:44:12","slug":"100-meunier-brut-rose","status":"publish","type":"product","link":"https:\/\/champagne-salmon.fr\/en\/produit\/100-meunier-brut-rose\/","title":{"rendered":"100% MEUNIER BRUT ROSE"},"content":{"rendered":"","protected":false},"excerpt":{"rendered":"<p>La cuv\u00e9e 100% Meunier Brut Ros\u00e9 est un Champagne accessible et joliment fruit\u00e9 qui incite \u00e0 la rencontre, \u00e0 l\u2019\u00e9change et au partage. Nous sugg\u00e9rons une temp\u00e9rature de d\u00e9gustation entre 9 et 12\u00b0C.<\/p>\n<p>Terroir: Chaumuzy<\/p>\n<p>Assemblage:<br \/>\n100% Meunier (dont 20% de ros\u00e9 de saign\u00e9e de Meunier et 5% de vin rouge de Meunier)<\/p>\n<p>Dosage: 7g\/L<\/p>\n","protected":false},"featured_media":19126,"template":"","meta":{"_acf_changed":false,"_monsterinsights_skip_tracking":false,"_monsterinsights_sitenote_active":false,"_monsterinsights_sitenote_note":"","_monsterinsights_sitenote_category":0},"product_brand":[],"product_cat":[23],"product_tag":[],"class_list":{"0":"post-19004","1":"product","2":"type-product","3":"status-publish","4":"has-post-thumbnail","6":"product_cat-cuvees","8":"first","9":"instock","10":"shipping-taxable","11":"purchasable","12":"product-type-simple"},"acf":[],"aioseo_notices":[],"_links":{"self":[{"href":"https:\/\/champagne-salmon.fr\/en\/wp-json\/wp\/v2\/product\/19004","targetHints":{"allow":["GET"]}}],"collection":[{"href":"https:\/\/champagne-salmon.fr\/en\/wp-json\/wp\/v2\/product"}],"about":[{"href":"https:\/\/champagne-salmon.fr\/en\/wp-json\/wp\/v2\/types\/product"}],"version-history":[{"count":4,"href":"https:\/\/champagne-salmon.fr\/en\/wp-json\/wp\/v2\/product\/19004\/revisions"}],"predecessor-version":[{"id":19320,"href":"https:\/\/champagne-salmon.fr\/en\/wp-json\/wp\/v2\/product\/19004\/revisions\/19320"}],"wp:featuredmedia":[{"embeddable":true,"href":"https:\/\/champagne-salmon.fr\/en\/wp-json\/wp\/v2\/media\/19126"}],"wp:attachment":[{"href":"https:\/\/champagne-salmon.fr\/en\/wp-json\/wp\/v2\/media?parent=19004"}],"wp:term":[{"taxonomy":"product_brand","embeddable":true,"href":"https:\/\/champagne-salmon.fr\/en\/wp-json\/wp\/v2\/product_brand?post=19004"},{"taxonomy":"product_cat","embeddable":true,"href":"https:\/\/champagne-salmon.fr\/en\/wp-json\/wp\/v2\/product_cat?post=19004"},{"taxonomy":"product_tag","embeddable":true,"href":"https:\/\/champagne-salmon.fr\/en\/wp-json\/wp\/v2\/product_tag?post=19004"}],"curies":[{"name":"wp","href":"https:\/\/api.w.org\/{rel}","templated":true}]}}