{"id":19005,"date":"2022-06-01T15:38:47","date_gmt":"2022-06-01T13:38:47","guid":{"rendered":"https:\/\/champagne-salmon.fr\/?post_type=product&#038;p=19005"},"modified":"2025-05-15T13:31:00","modified_gmt":"2025-05-15T11:31:00","slug":"coteaux-champenois-rouge-bouxin","status":"publish","type":"product","link":"https:\/\/champagne-salmon.fr\/en\/produit\/coteaux-champenois-rouge-bouxin\/","title":{"rendered":"COTEAUX CHAMPENOIS ROUGE &#8220;BOUXIN&#8221;"},"content":{"rendered":"","protected":false},"excerpt":{"rendered":"<p>Notre coteaux champenois rouge est issus du seul c\u00e9page Meunier cela lui conf\u00e8re donne un caract\u00e8re l\u00e9ger et fruit\u00e9. Nous sugg\u00e9rons une temp\u00e9rature de d\u00e9gustation entre 16 et 18\u00b0C<\/p>\n<p>Assemblage:<br \/>\n100% Meunier \u2013 Le Bouxin<br \/>\nFermentation malolactique compl\u00e8te<br \/>\nVin non coll\u00e9, non filtr\u00e9 et non stabilis\u00e9 \u00e0 froid (de fait, un l\u00e9ger trouble peu appara\u00eetre mais n\u2019alt\u00e8re en rien la qualit\u00e9 du vin)<\/p>\n<p>Potentiel de garde:<br \/>\nPeut \u00eatre consomm\u00e9 d\u00e8s maintenant<br \/>\nPotentiel th\u00e9orique en cave: 5 \u00e0 8 ans<\/p>\n","protected":false},"featured_media":19193,"template":"","meta":{"_acf_changed":false,"_monsterinsights_skip_tracking":false,"_monsterinsights_sitenote_active":false,"_monsterinsights_sitenote_note":"","_monsterinsights_sitenote_category":0},"product_brand":[],"product_cat":[23],"product_tag":[],"class_list":{"0":"post-19005","1":"product","2":"type-product","3":"status-publish","4":"has-post-thumbnail","6":"product_cat-cuvees","8":"first","9":"outofstock","10":"shipping-taxable","11":"purchasable","12":"product-type-simple"},"acf":[],"aioseo_notices":[],"_links":{"self":[{"href":"https:\/\/champagne-salmon.fr\/en\/wp-json\/wp\/v2\/product\/19005","targetHints":{"allow":["GET"]}}],"collection":[{"href":"https:\/\/champagne-salmon.fr\/en\/wp-json\/wp\/v2\/product"}],"about":[{"href":"https:\/\/champagne-salmon.fr\/en\/wp-json\/wp\/v2\/types\/product"}],"version-history":[{"count":2,"href":"https:\/\/champagne-salmon.fr\/en\/wp-json\/wp\/v2\/product\/19005\/revisions"}],"predecessor-version":[{"id":19139,"href":"https:\/\/champagne-salmon.fr\/en\/wp-json\/wp\/v2\/product\/19005\/revisions\/19139"}],"wp:featuredmedia":[{"embeddable":true,"href":"https:\/\/champagne-salmon.fr\/en\/wp-json\/wp\/v2\/media\/19193"}],"wp:attachment":[{"href":"https:\/\/champagne-salmon.fr\/en\/wp-json\/wp\/v2\/media?parent=19005"}],"wp:term":[{"taxonomy":"product_brand","embeddable":true,"href":"https:\/\/champagne-salmon.fr\/en\/wp-json\/wp\/v2\/product_brand?post=19005"},{"taxonomy":"product_cat","embeddable":true,"href":"https:\/\/champagne-salmon.fr\/en\/wp-json\/wp\/v2\/product_cat?post=19005"},{"taxonomy":"product_tag","embeddable":true,"href":"https:\/\/champagne-salmon.fr\/en\/wp-json\/wp\/v2\/product_tag?post=19005"}],"curies":[{"name":"wp","href":"https:\/\/api.w.org\/{rel}","templated":true}]}}