{"id":19008,"date":"2022-06-01T15:43:25","date_gmt":"2022-06-01T13:43:25","guid":{"rendered":"https:\/\/champagne-salmon.fr\/?post_type=product&#038;p=19008"},"modified":"2025-05-15T13:25:58","modified_gmt":"2025-05-15T11:25:58","slug":"special-club-2015-zero-dosage","status":"publish","type":"product","link":"https:\/\/champagne-salmon.fr\/en\/produit\/special-club-2015-zero-dosage\/","title":{"rendered":"SPECIAL CLUB 2017 ZERO DOSAGE"},"content":{"rendered":"","protected":false},"excerpt":{"rendered":"<p>La cuv\u00e9e Sp\u00e9cial Club Meunier 2017 est un Champagne \u00e9pur\u00e9 et frais dot\u00e9 d\u2019une grande harmonie et d\u2019une profondeur de fruit \u00e9quilibr\u00e9e par une min\u00e9ralit\u00e9 de haute tenue. Nous sugg\u00e9rons une temp\u00e9rature de d\u00e9gustation entre 9 et 14\u00b0C.<\/p>\n<p>Terroir: Chaumuzy<\/p>\n<p>Assemblage:<br \/>\n70% Meunier et 30% Chardonnay<\/p>\n<p>Dosage: 0 g\/L<\/p>\n","protected":false},"featured_media":19199,"template":"","meta":{"_acf_changed":false,"_monsterinsights_skip_tracking":false,"_monsterinsights_sitenote_active":false,"_monsterinsights_sitenote_note":"","_monsterinsights_sitenote_category":0},"product_brand":[],"product_cat":[23],"product_tag":[],"class_list":{"0":"post-19008","1":"product","2":"type-product","3":"status-publish","4":"has-post-thumbnail","6":"product_cat-cuvees","8":"first","9":"instock","10":"shipping-taxable","11":"purchasable","12":"product-type-variable","13":"has-default-attributes"},"acf":[],"aioseo_notices":[],"_links":{"self":[{"href":"https:\/\/champagne-salmon.fr\/en\/wp-json\/wp\/v2\/product\/19008","targetHints":{"allow":["GET"]}}],"collection":[{"href":"https:\/\/champagne-salmon.fr\/en\/wp-json\/wp\/v2\/product"}],"about":[{"href":"https:\/\/champagne-salmon.fr\/en\/wp-json\/wp\/v2\/types\/product"}],"version-history":[{"count":5,"href":"https:\/\/champagne-salmon.fr\/en\/wp-json\/wp\/v2\/product\/19008\/revisions"}],"predecessor-version":[{"id":28499,"href":"https:\/\/champagne-salmon.fr\/en\/wp-json\/wp\/v2\/product\/19008\/revisions\/28499"}],"wp:featuredmedia":[{"embeddable":true,"href":"https:\/\/champagne-salmon.fr\/en\/wp-json\/wp\/v2\/media\/19199"}],"wp:attachment":[{"href":"https:\/\/champagne-salmon.fr\/en\/wp-json\/wp\/v2\/media?parent=19008"}],"wp:term":[{"taxonomy":"product_brand","embeddable":true,"href":"https:\/\/champagne-salmon.fr\/en\/wp-json\/wp\/v2\/product_brand?post=19008"},{"taxonomy":"product_cat","embeddable":true,"href":"https:\/\/champagne-salmon.fr\/en\/wp-json\/wp\/v2\/product_cat?post=19008"},{"taxonomy":"product_tag","embeddable":true,"href":"https:\/\/champagne-salmon.fr\/en\/wp-json\/wp\/v2\/product_tag?post=19008"}],"curies":[{"name":"wp","href":"https:\/\/api.w.org\/{rel}","templated":true}]}}